{"id":1296,"date":"2022-11-21T13:41:48","date_gmt":"2022-11-21T13:41:48","guid":{"rendered":"https:\/\/www.dge-group.com\/uusleht\/?page_id=1296"},"modified":"2022-12-28T14:45:01","modified_gmt":"2022-12-28T14:45:01","slug":"privacy-policy","status":"publish","type":"page","link":"https:\/\/www.dge-group.com\/uusleht\/about-dge\/privacy-policy\/","title":{"rendered":"Privacy Policy"},"content":{"rendered":"\t\t<div data-elementor-type=\"wp-page\" data-elementor-id=\"1296\" class=\"elementor elementor-1296\">\n\t\t\t\t\t\t\t\t\t<section class=\"has_eae_slider elementor-section elementor-top-section elementor-element elementor-element-2045304 elementor-section-height-min-height elementor-section-boxed elementor-section-height-default elementor-section-items-middle\" data-id=\"2045304\" data-element_type=\"section\" data-settings=\"{&quot;background_background&quot;:&quot;classic&quot;,&quot;background_motion_fx_motion_fx_scrolling&quot;:&quot;yes&quot;,&quot;background_motion_fx_scale_effect&quot;:&quot;yes&quot;,&quot;background_motion_fx_scale_speed&quot;:{&quot;unit&quot;:&quot;px&quot;,&quot;size&quot;:&quot;1&quot;,&quot;sizes&quot;:[]},&quot;background_motion_fx_scale_direction&quot;:&quot;out-in&quot;,&quot;background_motion_fx_scale_range&quot;:{&quot;unit&quot;:&quot;%&quot;,&quot;size&quot;:&quot;&quot;,&quot;sizes&quot;:{&quot;start&quot;:20,&quot;end&quot;:80}},&quot;background_motion_fx_devices&quot;:[&quot;desktop&quot;,&quot;tablet&quot;,&quot;mobile&quot;]}\">\n\t\t\t\t\t\t\t<div class=\"elementor-background-overlay\"><\/div>\n\t\t\t\t\t\t\t<div class=\"elementor-container elementor-column-gap-default\">\n\t\t\t\t\t<div class=\"has_eae_slider elementor-column elementor-col-100 elementor-top-column elementor-element elementor-element-2ac5f859\" data-id=\"2ac5f859\" data-element_type=\"column\">\n\t\t\t<div class=\"elementor-widget-wrap elementor-element-populated\">\n\t\t\t\t\t\t\t\t<div class=\"elementor-element elementor-element-21b315bb elementor-widget elementor-widget-heading\" data-id=\"21b315bb\" data-element_type=\"widget\" data-widget_type=\"heading.default\">\n\t\t\t\t<div class=\"elementor-widget-container\">\n\t\t\t<style>\/*! elementor - v3.7.8 - 02-10-2022 *\/\n.elementor-heading-title{padding:0;margin:0;line-height:1}.elementor-widget-heading .elementor-heading-title[class*=elementor-size-]>a{color:inherit;font-size:inherit;line-height:inherit}.elementor-widget-heading .elementor-heading-title.elementor-size-small{font-size:15px}.elementor-widget-heading .elementor-heading-title.elementor-size-medium{font-size:19px}.elementor-widget-heading .elementor-heading-title.elementor-size-large{font-size:29px}.elementor-widget-heading .elementor-heading-title.elementor-size-xl{font-size:39px}.elementor-widget-heading .elementor-heading-title.elementor-size-xxl{font-size:59px}<\/style><h1 class=\"elementor-heading-title elementor-size-default\">DGE's Privacy Policy<\/h1>\t\t<\/div>\n\t\t\t\t<\/div>\n\t\t\t\t\t<\/div>\n\t\t<\/div>\n\t\t\t\t\t\t\t<\/div>\n\t\t<\/section>\n\t\t\t\t<section class=\"has_eae_slider elementor-section elementor-top-section elementor-element elementor-element-2aafa18 elementor-section-height-min-height elementor-section-boxed elementor-section-height-default elementor-section-items-middle\" data-id=\"2aafa18\" data-element_type=\"section\">\n\t\t\t\t\t\t<div class=\"elementor-container elementor-column-gap-default\">\n\t\t\t\t\t<div class=\"has_eae_slider elementor-column elementor-col-100 elementor-top-column elementor-element elementor-element-4f0a8b54\" data-id=\"4f0a8b54\" data-element_type=\"column\">\n\t\t\t<div class=\"elementor-widget-wrap elementor-element-populated\">\n\t\t\t\t\t\t\t\t<div class=\"elementor-element elementor-element-21d1f825 elementor-widget elementor-widget-text-editor\" data-id=\"21d1f825\" data-element_type=\"widget\" data-widget_type=\"text-editor.default\">\n\t\t\t\t<div class=\"elementor-widget-container\">\n\t\t\t<style>\/*! elementor - v3.7.8 - 02-10-2022 *\/\n.elementor-widget-text-editor.elementor-drop-cap-view-stacked .elementor-drop-cap{background-color:#818a91;color:#fff}.elementor-widget-text-editor.elementor-drop-cap-view-framed .elementor-drop-cap{color:#818a91;border:3px solid;background-color:transparent}.elementor-widget-text-editor:not(.elementor-drop-cap-view-default) .elementor-drop-cap{margin-top:8px}.elementor-widget-text-editor:not(.elementor-drop-cap-view-default) .elementor-drop-cap-letter{width:1em;height:1em}.elementor-widget-text-editor .elementor-drop-cap{float:left;text-align:center;line-height:1;font-size:50px}.elementor-widget-text-editor .elementor-drop-cap-letter{display:inline-block}<\/style>\t\t\t\t<p>DGE Group is responsible for data processing and ensures that your personal data is processed in accordance with the applicable data protection legislation.<\/p>\n<p><strong>DGE Group<br><\/strong>Jelsh\u00f8jv\u00e6nget 11<br>8270 H\u00f8jbjerg<br>Denmark<br>Phone: +45 7010 3400<br>Email: dge@dge.dk<br>CVR no.: 2867 0710<br>Contact person: Hans J\u00f8rgen Nielsen<\/p>\n<p>When you visit our website, we collect information about you which is used to personalize and improve our content. If you do not want this information to be collected, you should delete your cookies and refrain from further use of the website. Below we have elaborated on what information is collected and its purpose.<\/p>\n<h3>Cookies<\/h3>\n<p>The website uses \u201ccookies\u201d, which is a text file that is stored on your computer, mobile or similar for the purpose of recognizing it, remembering settings, performing statistics and targeting advertisements. Cookies cannot contain harmful code such as virus.<\/p>\n<p>It is possible to delete or block cookies. If you delete or block cookies, advertisements may become less relevant to you and appear more frequently. There is also the risk that the website is not functioning optimally and that there is content which you cannot access.<\/p>\n<h3>Personal information<\/h3>\n<p><span style=\"text-decoration: underline;\"><strong>General<\/strong><\/span><\/p>\n<p>Personal information is any kind of information that to some extent may be assigned to you. When you visit our website, we collect and process such information. This takes place by for instance general access to content and other use of services.<\/p>\n<p>We typically collect and process the following types of information: A unique ID and technical information about your computer, tablet or mobile phone, your IP number, geographic location and which pages you click on (interests).<\/p>\n<p><span style=\"text-decoration: underline;\"><strong>Security<\/strong><\/span><\/p>\n<p>We treat your personal information securely and confidentially in accordance with the applicable legislation, including the General Data Protection Regulation and the Data Protection Act.<\/p>\n<p>Your information will only be used for the purpose for which it was collected and will be deleted when this purpose is met or is no longer relevant.<\/p>\n<p>We have taken technical and organizational measures to prevent your information from being accidentally or illegally deleted, published, lost, impaired or coming to the knowledge of unauthorized persons, abused or otherwise treated in violation of the law.<\/p>\n<p><span style=\"text-decoration: underline;\"><strong>Purpose<\/strong><\/span><\/p>\n<p>The information is used to provide the services you have requested. In addition, we use the information to optimize our services and content.<\/p>\n<p><span style=\"text-decoration: underline;\"><strong>Period of storage<\/strong><\/span><\/p>\n<p>The information is stored for the period allowed according to legislation, and we delete it when it is no longer needed. The period depends on the nature of the information and the background of the storage.<\/p>\n<p><span style=\"text-decoration: underline;\"><strong>Passing on of information<\/strong><\/span><\/p>\n<p>We use several third parties for storage and process of data. These third parties treat solely information on our behalf and are not allowed to use it for their own purposes.<\/p>\n<p>Passing on of personal information such as name and email etc. will only take place if you consent to it. We only use data processors in the EU or in countries that can provide your information with adequate protection.<\/p>\n<p><span style=\"text-decoration: underline;\"><strong>Insight and complaints<\/strong><\/span><\/p>\n<p>You have the right to be informed of what personal information we process about you in a regular format (data portability). You may also object at any time to the use of information. You can also revoke your consent to processing information about you. If the information processed about you is incorrect, you have the right to have it corrected or deleted. Inquiries can be made to dge@dge.dk.<\/p>\n<p>If you wish to complain about our processing of your personal data, you can also contact the Data Protection Agency.<\/p>\n<p>If you no longer want us to process your personal information or to limit the processing of your personal information, you can also send us a request to the above email address.<\/p>\n<p><span style=\"text-decoration: underline;\"><strong>Publisher<\/strong><\/span><\/p>\n<p>The website is owned and published by:<\/p>\n<p><strong>DGE Milj\u00f8- og Ingeni\u00f8rfirma a\/s<\/strong><br>Jelsh\u00f8jv\u00e6nget 11<br>8270 H\u00f8jbjerg<br>Denmark<br>Phone: +45 7010 3400<br>Email: dge@dge.dk<\/p>\t\t\t\t\t\t<\/div>\n\t\t\t\t<\/div>\n\t\t\t\t\t<\/div>\n\t\t<\/div>\n\t\t\t\t\t\t\t<\/div>\n\t\t<\/section>\n\t\t\t\t\t\t\t<\/div>\n\t\t","protected":false},"excerpt":{"rendered":"<p>DGE&#8217;s Privacy Policy DGE Group is responsible for data processing and ensures that your personal data is processed in accordance with the applicable data protection legislation. DGE GroupJelsh\u00f8jv\u00e6nget 118270 H\u00f8jbjergDenmarkPhone: +45 7010 3400Email: dge@dge.dkCVR no.: 2867 0710Contact person: Hans J\u00f8rgen Nielsen When you visit our website, we collect information about you which is used to [&hellip;]<\/p>\n","protected":false},"author":2,"featured_media":0,"parent":588,"menu_order":0,"comment_status":"closed","ping_status":"closed","template":"","meta":{"footnotes":""},"class_list":["post-1296","page","type-page","status-publish","hentry"],"yoast_head":"<!-- This site is optimized with the Yoast SEO plugin v19.7.2 - https:\/\/yoast.com\/wordpress\/plugins\/seo\/ -->\n<title>Privacy Policy - DGE Group<\/title>\n<meta name=\"robots\" content=\"noindex, follow, max-snippet:-1, max-image-preview:large, max-video-preview:-1\" \/>\n<meta property=\"og:locale\" content=\"en_GB\" \/>\n<meta property=\"og:type\" content=\"article\" \/>\n<meta property=\"og:title\" content=\"Privacy Policy - DGE Group\" \/>\n<meta property=\"og:description\" content=\"DGE&#8217;s Privacy Policy DGE Group is responsible for data processing and ensures that your personal data is processed in accordance with the applicable data protection legislation. DGE GroupJelsh\u00f8jv\u00e6nget 118270 H\u00f8jbjergDenmarkPhone: +45 7010 3400Email: dge@dge.dkCVR no.: 2867 0710Contact person: Hans J\u00f8rgen Nielsen When you visit our website, we collect information about you which is used to [&hellip;]\" \/>\n<meta property=\"og:url\" content=\"https:\/\/www.dge-group.com\/uusleht\/about-dge\/privacy-policy\/\" \/>\n<meta property=\"og:site_name\" content=\"DGE Group\" \/>\n<meta property=\"article:modified_time\" content=\"2022-12-28T14:45:01+00:00\" \/>\n<meta name=\"twitter:card\" content=\"summary_large_image\" \/>\n<meta name=\"twitter:label1\" content=\"Estimated reading time\" \/>\n\t<meta name=\"twitter:data1\" content=\"3 minutes\" \/>\n<script type=\"application\/ld+json\" class=\"yoast-schema-graph\">{\"@context\":\"https:\/\/schema.org\",\"@graph\":[{\"@type\":\"WebPage\",\"@id\":\"https:\/\/www.dge-group.com\/uusleht\/about-dge\/privacy-policy\/\",\"url\":\"https:\/\/www.dge-group.com\/uusleht\/about-dge\/privacy-policy\/\",\"name\":\"Privacy Policy - DGE Group\",\"isPartOf\":{\"@id\":\"https:\/\/www.dge-group.com\/uusleht\/#website\"},\"datePublished\":\"2022-11-21T13:41:48+00:00\",\"dateModified\":\"2022-12-28T14:45:01+00:00\",\"breadcrumb\":{\"@id\":\"https:\/\/www.dge-group.com\/uusleht\/about-dge\/privacy-policy\/#breadcrumb\"},\"inLanguage\":\"en-GB\",\"potentialAction\":[{\"@type\":\"ReadAction\",\"target\":[\"https:\/\/www.dge-group.com\/uusleht\/about-dge\/privacy-policy\/\"]}]},{\"@type\":\"BreadcrumbList\",\"@id\":\"https:\/\/www.dge-group.com\/uusleht\/about-dge\/privacy-policy\/#breadcrumb\",\"itemListElement\":[{\"@type\":\"ListItem\",\"position\":1,\"name\":\"Home\",\"item\":\"https:\/\/www.dge-group.com\/uusleht\/\"},{\"@type\":\"ListItem\",\"position\":2,\"name\":\"About DGE\",\"item\":\"https:\/\/www.dge-group.com\/uusleht\/about-dge\/\"},{\"@type\":\"ListItem\",\"position\":3,\"name\":\"Privacy Policy\"}]},{\"@type\":\"WebSite\",\"@id\":\"https:\/\/www.dge-group.com\/uusleht\/#website\",\"url\":\"https:\/\/www.dge-group.com\/uusleht\/\",\"name\":\"DGE Group\",\"description\":\"Just another WordPress site\",\"publisher\":{\"@id\":\"https:\/\/www.dge-group.com\/uusleht\/#organization\"},\"potentialAction\":[{\"@type\":\"SearchAction\",\"target\":{\"@type\":\"EntryPoint\",\"urlTemplate\":\"https:\/\/www.dge-group.com\/uusleht\/?s={search_term_string}\"},\"query-input\":\"required name=search_term_string\"}],\"inLanguage\":\"en-GB\"},{\"@type\":\"Organization\",\"@id\":\"https:\/\/www.dge-group.com\/uusleht\/#organization\",\"name\":\"DGE Group\",\"url\":\"https:\/\/www.dge-group.com\/uusleht\/\",\"sameAs\":[],\"logo\":{\"@type\":\"ImageObject\",\"inLanguage\":\"en-GB\",\"@id\":\"https:\/\/www.dge-group.com\/uusleht\/#\/schema\/logo\/image\/\",\"url\":\"https:\/\/www.dge-group.com\/uusleht\/wp-content\/uploads\/2023\/01\/cropped-DGE-logo-RED-RGB-Group-e1672919836432.png\",\"contentUrl\":\"https:\/\/www.dge-group.com\/uusleht\/wp-content\/uploads\/2023\/01\/cropped-DGE-logo-RED-RGB-Group-e1672919836432.png\",\"width\":3901,\"height\":1015,\"caption\":\"DGE Group\"},\"image\":{\"@id\":\"https:\/\/www.dge-group.com\/uusleht\/#\/schema\/logo\/image\/\"}}]}<\/script>\n<!-- \/ Yoast SEO plugin. -->","yoast_head_json":{"title":"Privacy Policy - DGE Group","robots":{"index":"noindex","follow":"follow","max-snippet":"max-snippet:-1","max-image-preview":"max-image-preview:large","max-video-preview":"max-video-preview:-1"},"og_locale":"en_GB","og_type":"article","og_title":"Privacy Policy - DGE Group","og_description":"DGE&#8217;s Privacy Policy DGE Group is responsible for data processing and ensures that your personal data is processed in accordance with the applicable data protection legislation. DGE GroupJelsh\u00f8jv\u00e6nget 118270 H\u00f8jbjergDenmarkPhone: +45 7010 3400Email: dge@dge.dkCVR no.: 2867 0710Contact person: Hans J\u00f8rgen Nielsen When you visit our website, we collect information about you which is used to [&hellip;]","og_url":"https:\/\/www.dge-group.com\/uusleht\/about-dge\/privacy-policy\/","og_site_name":"DGE Group","article_modified_time":"2022-12-28T14:45:01+00:00","twitter_card":"summary_large_image","twitter_misc":{"Estimated reading time":"3 minutes"},"schema":{"@context":"https:\/\/schema.org","@graph":[{"@type":"WebPage","@id":"https:\/\/www.dge-group.com\/uusleht\/about-dge\/privacy-policy\/","url":"https:\/\/www.dge-group.com\/uusleht\/about-dge\/privacy-policy\/","name":"Privacy Policy - DGE Group","isPartOf":{"@id":"https:\/\/www.dge-group.com\/uusleht\/#website"},"datePublished":"2022-11-21T13:41:48+00:00","dateModified":"2022-12-28T14:45:01+00:00","breadcrumb":{"@id":"https:\/\/www.dge-group.com\/uusleht\/about-dge\/privacy-policy\/#breadcrumb"},"inLanguage":"en-GB","potentialAction":[{"@type":"ReadAction","target":["https:\/\/www.dge-group.com\/uusleht\/about-dge\/privacy-policy\/"]}]},{"@type":"BreadcrumbList","@id":"https:\/\/www.dge-group.com\/uusleht\/about-dge\/privacy-policy\/#breadcrumb","itemListElement":[{"@type":"ListItem","position":1,"name":"Home","item":"https:\/\/www.dge-group.com\/uusleht\/"},{"@type":"ListItem","position":2,"name":"About DGE","item":"https:\/\/www.dge-group.com\/uusleht\/about-dge\/"},{"@type":"ListItem","position":3,"name":"Privacy Policy"}]},{"@type":"WebSite","@id":"https:\/\/www.dge-group.com\/uusleht\/#website","url":"https:\/\/www.dge-group.com\/uusleht\/","name":"DGE Group","description":"Just another WordPress site","publisher":{"@id":"https:\/\/www.dge-group.com\/uusleht\/#organization"},"potentialAction":[{"@type":"SearchAction","target":{"@type":"EntryPoint","urlTemplate":"https:\/\/www.dge-group.com\/uusleht\/?s={search_term_string}"},"query-input":"required name=search_term_string"}],"inLanguage":"en-GB"},{"@type":"Organization","@id":"https:\/\/www.dge-group.com\/uusleht\/#organization","name":"DGE Group","url":"https:\/\/www.dge-group.com\/uusleht\/","sameAs":[],"logo":{"@type":"ImageObject","inLanguage":"en-GB","@id":"https:\/\/www.dge-group.com\/uusleht\/#\/schema\/logo\/image\/","url":"https:\/\/www.dge-group.com\/uusleht\/wp-content\/uploads\/2023\/01\/cropped-DGE-logo-RED-RGB-Group-e1672919836432.png","contentUrl":"https:\/\/www.dge-group.com\/uusleht\/wp-content\/uploads\/2023\/01\/cropped-DGE-logo-RED-RGB-Group-e1672919836432.png","width":3901,"height":1015,"caption":"DGE Group"},"image":{"@id":"https:\/\/www.dge-group.com\/uusleht\/#\/schema\/logo\/image\/"}}]}},"_links":{"self":[{"href":"https:\/\/www.dge-group.com\/uusleht\/wp-json\/wp\/v2\/pages\/1296","targetHints":{"allow":["GET"]}}],"collection":[{"href":"https:\/\/www.dge-group.com\/uusleht\/wp-json\/wp\/v2\/pages"}],"about":[{"href":"https:\/\/www.dge-group.com\/uusleht\/wp-json\/wp\/v2\/types\/page"}],"author":[{"embeddable":true,"href":"https:\/\/www.dge-group.com\/uusleht\/wp-json\/wp\/v2\/users\/2"}],"replies":[{"embeddable":true,"href":"https:\/\/www.dge-group.com\/uusleht\/wp-json\/wp\/v2\/comments?post=1296"}],"version-history":[{"count":15,"href":"https:\/\/www.dge-group.com\/uusleht\/wp-json\/wp\/v2\/pages\/1296\/revisions"}],"predecessor-version":[{"id":1650,"href":"https:\/\/www.dge-group.com\/uusleht\/wp-json\/wp\/v2\/pages\/1296\/revisions\/1650"}],"up":[{"embeddable":true,"href":"https:\/\/www.dge-group.com\/uusleht\/wp-json\/wp\/v2\/pages\/588"}],"wp:attachment":[{"href":"https:\/\/www.dge-group.com\/uusleht\/wp-json\/wp\/v2\/media?parent=1296"}],"curies":[{"name":"wp","href":"https:\/\/api.w.org\/{rel}","templated":true}]}}